{"id":16180,"date":"2024-12-08T18:48:21","date_gmt":"2024-12-08T18:48:21","guid":{"rendered":"https:\/\/www.air-bey.com\/?page_id=16180"},"modified":"2025-01-12T15:27:13","modified_gmt":"2025-01-12T14:27:13","slug":"airbey","status":"publish","type":"page","link":"https:\/\/www.air-bey.com\/en\/airbey\/","title":{"rendered":"AIRBEY"},"content":{"rendered":"<div data-elementor-type=\"wp-page\" data-elementor-id=\"16180\" class=\"elementor elementor-16180\" data-elementor-post-type=\"page\">\n\t\t\t\t\t\t<section class=\"elementor-section elementor-top-section elementor-element elementor-element-519bcdd elementor-section-height-min-height elementor-section-boxed elementor-section-height-default elementor-section-items-middle wpr-particle-no wpr-jarallax-no wpr-parallax-no wpr-sticky-section-no\" data-id=\"519bcdd\" data-element_type=\"section\" data-settings=\"{&quot;background_background&quot;:&quot;classic&quot;}\">\n\t\t\t\t\t\t\t<div class=\"elementor-background-overlay\"><\/div>\n\t\t\t\t\t\t\t<div class=\"elementor-container elementor-column-gap-default\">\n\t\t\t\t\t<div class=\"elementor-column elementor-col-50 elementor-top-column elementor-element elementor-element-1e7d061\" data-id=\"1e7d061\" data-element_type=\"column\">\n\t\t\t<div class=\"elementor-widget-wrap elementor-element-populated\">\n\t\t\t\t\t\t<div class=\"elementor-element elementor-element-e7a2a35 wpr-table-align-items-center wpr-data-table-type-custom elementor-widget elementor-widget-wpr-data-table\" data-id=\"e7a2a35\" data-element_type=\"widget\" data-widget_type=\"wpr-data-table.default\">\n\t\t\t\t<div class=\"elementor-widget-container\">\n\t\t\t\t\t\n\t\t\t\t\n\t\t<div class=\"wpr-table-container\">\n\t\t<div class=\"wpr-table-inner-container\" data-table-sorting=\"\" data-custom-pagination=\"\" data-row-pagination=\"\" data-entry-info=\"no\" data-rows-per-page=\"\">\n\n\t\t\n\t\t\t<table class=\"wpr-data-table\" id=\"wpr-data-table\">\n\t\t\t\t\t\t\t\t\n\t\t\t\t<thead>\n\t\t\t\t\t<tr class=\"wpr-table-head-row wpr-table-row\">\n\t\t\t\t\t\n\t\t\t\t\t\t<th class=\"wpr-table-th elementor-repeater-item-44783ad\" colspan=\"1\">\n\t\t\t\t\t\t\t<div class=\"\">\n\t\t\t\t\t\t\t\t\t\t\t\t\t\t\t\t\n\t\t\t\t\t\t\t\t\t\t\t\t\t\t\t\t\t<span class=\"wpr-table-text\">Features<\/span>\n\t\t\t\t\t\t\t\t\t\t\t\t\t\t\t\t\t\t\t\t\t\t\t\t\t\t\t\t\t\t\t\t\t\t\t\t\t\t\t\t\t\t\t\t\t\t\t<\/div>\n\t\t\t\t\t\t<\/th>\n\t\t\t\t\t\t\n\t\t\t\t\t\t<th class=\"wpr-table-th elementor-repeater-item-97a8502\" colspan=\"1\">\n\t\t\t\t\t\t\t<div class=\"\">\n\t\t\t\t\t\t\t\t\t\t\t\t\t\t\t\t\n\t\t\t\t\t\t\t\t\t\t\t\t\t\t\t\t\t<span class=\"wpr-table-text\">Fixed Rent    <\/span>\n\t\t\t\t\t\t\t\t\t\t\t\t\t\t\t\t\t\t\t\t\t\t\t\t\t\t\t\t\t\t\t\t\t\t\t\t\t\t\t\t\t\t\t\t\t\t\t<\/div>\n\t\t\t\t\t\t<\/th>\n\t\t\t\t\t\t\n\t\t\t\t\t\t<th class=\"wpr-table-th elementor-repeater-item-6b896d7\" colspan=\"1\">\n\t\t\t\t\t\t\t<div class=\"\">\n\t\t\t\t\t\t\t\t\t\t\t\t\t\t\t\t\n\t\t\t\t\t\t\t\t\t\t\t\t\t\t\t\t\t<span class=\"wpr-table-text\">Revenue Sharing (30%)<\/span>\n\t\t\t\t\t\t\t\t\t\t\t\t\t\t\t\t\t\t\t\t\t\t\t\t\t\t\t\t\t\t\t\t\t\t\t\t\t\t\t\t\t\t\t\t\t\t\t<\/div>\n\t\t\t\t\t\t<\/th>\n\t\t\t\t\t\t\t\t\t\t\t<\/tr>\n\t\t\t\t<\/thead>\n\n\t\t\t\t<tbody>\n\t\t\t\t\t\t\t\t\t<tr class=\"wpr-table-body-row wpr-table-row elementor-repeater-item-2124a34 wpr-odd\">\n\t\t\t\t\t\t\t\t\t\t\t\t\t\n\t\t\t\t\t\t\t<td colspan=\"\" rowspan=\"\" class=\"elementor-repeater-item-72bf513 wpr-table-td\">\n\n\t\t\t\t\t\t\t\t<div class=\"wpr-td-content-wrapper\">\n\n\t\t\t\t\t\t\t\t\t\t\t\t\t\t\t\t\t\t\t\t\t\t\t\t\t\t\t\t\t<span>\n\t\t\t\t\t\t\t\t\t \n\t\t\t\t\t\t\t\t\t\t\t<span class=\"wpr-table-text\">\n\t\t\t\t\t\t\t\t\t\t\t\tIncome \nmonthly         \n\t\t\t\t\t\t\t\t\t\t\t<\/span>\n\t\t\t\t\t\t\t\t\t\t\t\t\t\t\t\t\t\t\t\t<\/span>\n\t\t\t\t\t\t\t\t\t\t\t\t\t\t\t\t\t\t\t\t\t\t\t\t\t\t\t\t\n\t\t\t\t\t\t\t\t<\/div>\n\n\t\t\t\t\t\t\t<\/td>\n\t\t\t\t\t\t\t\t\t\t\t\t\t\t\t\n\t\t\t\t\t\t\t<td colspan=\"\" rowspan=\"\" class=\"elementor-repeater-item-a24475b wpr-table-td\">\n\n\t\t\t\t\t\t\t\t<div class=\"wpr-td-content-wrapper\">\n\n\t\t\t\t\t\t\t\t\t\t\t\t\t\t\t\t\t\t\t\t\t\t\t\t\t\t\t\t\t<span>\n\t\t\t\t\t\t\t\t\t \n\t\t\t\t\t\t\t\t\t\t\t<span class=\"wpr-table-text\">\n\t\t\t\t\t\t\t\t\t\t\t\t\u2705 Stable and predictable: amount \nfixed in advance each month, \nno surprise\t\t\t\t\t\t\t\t\t\t\t<\/span>\n\t\t\t\t\t\t\t\t\t\t\t\t\t\t\t\t\t\t\t\t<\/span>\n\t\t\t\t\t\t\t\t\t\t\t\t\t\t\t\t\t\t\t\t\t\t\t\t\t\t\t\t\n\t\t\t\t\t\t\t\t<\/div>\n\n\t\t\t\t\t\t\t<\/td>\n\t\t\t\t\t\t\t\t\t\t\t\t\t\t\t\n\t\t\t\t\t\t\t<td colspan=\"\" rowspan=\"\" class=\"elementor-repeater-item-6170aa4 wpr-table-td\">\n\n\t\t\t\t\t\t\t\t<div class=\"wpr-td-content-wrapper\">\n\n\t\t\t\t\t\t\t\t\t<span style=\"display: inline-block; vertical-align: middle;\"><i aria-hidden=\"true\" class=\"fas fa-money-bill\"><\/i><\/span>\t\t\t\t\t\t\t\t\t\t\t\t\t\t\t\t\t\t\t\t<span>\n\t\t\t\t\t\t\t\t\t \n\t\t\t\t\t\t\t\t\t\t\t<span class=\"wpr-table-text\">\n\t\t\t\t\t\t\t\t\t\t\t\tVariable, but optimized: based on your\n maximized real rental income.\t\t\t\t\t\t\t\t\t\t\t<\/span>\n\t\t\t\t\t\t\t\t\t\t\t\t\t\t\t\t\t\t\t\t<\/span>\n\t\t\t\t\t\t\t\t\t\t\t\t\t\t\t\t\t\t\t\t\t\t\t\t\t\t\t\t\n\t\t\t\t\t\t\t\t<\/div>\n\n\t\t\t\t\t\t\t<\/td>\n\t\t\t\t\t\t\t\t\t\t\t\t<\/tr>\n\t\t\t        \t\t\t\t\t<tr class=\"wpr-table-body-row wpr-table-row elementor-repeater-item-45cff8a wpr-odd\">\n\t\t\t\t\t\t\t\t\t\t\t\t\t\n\t\t\t\t\t\t\t<td colspan=\"\" rowspan=\"\" class=\"elementor-repeater-item-5d82c02 wpr-table-td\">\n\n\t\t\t\t\t\t\t\t<div class=\"wpr-td-content-wrapper\">\n\n\t\t\t\t\t\t\t\t\t\t\t\t\t\t\t\t\t\t\t\t\t\t\t\t\t\t\t\t\t<span>\n\t\t\t\t\t\t\t\t\t \n\t\t\t\t\t\t\t\t\t\t\t<span class=\"wpr-table-text\">\n\t\t\t\t\t\t\t\t\t\t\t\tManagement of \nreservations\n\/tenants\t\t\t\t\t\t\t\t\t\t\t<\/span>\n\t\t\t\t\t\t\t\t\t\t\t\t\t\t\t\t\t\t\t\t<\/span>\n\t\t\t\t\t\t\t\t\t\t\t\t\t\t\t\t\t\t\t\t\t\t\t\t\t\t\t\t\n\t\t\t\t\t\t\t\t<\/div>\n\n\t\t\t\t\t\t\t<\/td>\n\t\t\t\t\t\t\t\t\t\t\t\t\t\t\t\n\t\t\t\t\t\t\t<td colspan=\"\" rowspan=\"\" class=\"elementor-repeater-item-30d9c18 wpr-table-td\">\n\n\t\t\t\t\t\t\t\t<div class=\"wpr-td-content-wrapper\">\n\n\t\t\t\t\t\t\t\t\t\t\t\t\t\t\t\t\t\t\t\t\t\t\t\t\t\t\t\t\t<span>\n\t\t\t\t\t\t\t\t\t \n\t\t\t\t\t\t\t\t\t\t\t<span class=\"wpr-table-text\">\n\t\t\t\t\t\t\t\t\t\t\t\t\u2705 Included: Reservation management,\n verification and selection\n rigorous to guarantee\n reliable tenants\t\t\t\t\t\t\t\t\t\t\t<\/span>\n\t\t\t\t\t\t\t\t\t\t\t\t\t\t\t\t\t\t\t\t<\/span>\n\t\t\t\t\t\t\t\t\t\t\t\t\t\t\t\t\t\t\t\t\t\t\t\t\t\t\t\t\n\t\t\t\t\t\t\t\t<\/div>\n\n\t\t\t\t\t\t\t<\/td>\n\t\t\t\t\t\t\t\t\t\t\t\t\t\t\t\n\t\t\t\t\t\t\t<td colspan=\"\" rowspan=\"\" class=\"elementor-repeater-item-6e1ebe0 wpr-table-td\">\n\n\t\t\t\t\t\t\t\t<div class=\"wpr-td-content-wrapper\">\n\n\t\t\t\t\t\t\t\t\t\t\t\t\t\t\t\t\t\t\t\t\t\t\t\t\t\t\t\t\t<span>\n\t\t\t\t\t\t\t\t\t \n\t\t\t\t\t\t\t\t\t\t\t<span class=\"wpr-table-text\">\n\t\t\t\t\t\t\t\t\t\t\t\t\u2705 Included\t\t\t\t\t\t\t\t\t\t\t<\/span>\n\t\t\t\t\t\t\t\t\t\t\t\t\t\t\t\t\t\t\t\t<\/span>\n\t\t\t\t\t\t\t\t\t\t\t\t\t\t\t\t\t\t\t\t\t\t\t\t\t\t\t\t\n\t\t\t\t\t\t\t\t<\/div>\n\n\t\t\t\t\t\t\t<\/td>\n\t\t\t\t\t\t\t\t\t\t\t\t<\/tr>\n\t\t\t        \t\t\t\t\t<tr class=\"wpr-table-body-row wpr-table-row elementor-repeater-item-ce000f6 wpr-odd\">\n\t\t\t\t\t\t\t\t\t\t\t\t\t\n\t\t\t\t\t\t\t<td colspan=\"\" rowspan=\"\" class=\"elementor-repeater-item-708c428 wpr-table-td\">\n\n\t\t\t\t\t\t\t\t<div class=\"wpr-td-content-wrapper\">\n\n\t\t\t\t\t\t\t\t\t\t\t\t\t\t\t\t\t\t\t\t\t\t\t\t\t\t\t\t\t<span>\n\t\t\t\t\t\t\t\t\t \n\t\t\t\t\t\t\t\t\t\t\t<span class=\"wpr-table-text\">\n\t\t\t\t\t\t\t\t\t\t\t\tMaintenance \t\t\t\t\t\t\t\t\t\t\t<\/span>\n\t\t\t\t\t\t\t\t\t\t\t\t\t\t\t\t\t\t\t\t<\/span>\n\t\t\t\t\t\t\t\t\t\t\t\t\t\t\t\t\t\t\t\t\t\t\t\t\t\t\t\t\n\t\t\t\t\t\t\t\t<\/div>\n\n\t\t\t\t\t\t\t<\/td>\n\t\t\t\t\t\t\t\t\t\t\t\t\t\t\t\n\t\t\t\t\t\t\t<td colspan=\"\" rowspan=\"\" class=\"elementor-repeater-item-f55ef10 wpr-table-td\">\n\n\t\t\t\t\t\t\t\t<div class=\"wpr-td-content-wrapper\">\n\n\t\t\t\t\t\t\t\t\t\t\t\t\t\t\t\t\t\t\t\t\t\t\t\t\t\t\t\t\t<span>\n\t\t\t\t\t\t\t\t\t \n\t\t\t\t\t\t\t\t\t\t\t<span class=\"wpr-table-text\">\n\t\t\t\t\t\t\t\t\t\t\t\t\u2705 Regular maintenance<\/br>\n\u2705 Small repairs \t\t\t\t\t\t\t\t\t\t\t<\/span>\n\t\t\t\t\t\t\t\t\t\t\t\t\t\t\t\t\t\t\t\t<\/span>\n\t\t\t\t\t\t\t\t\t\t\t\t\t\t\t\t\t\t\t\t\t\t\t\t\t\t\t\t\n\t\t\t\t\t\t\t\t<\/div>\n\n\t\t\t\t\t\t\t<\/td>\n\t\t\t\t\t\t\t\t\t\t\t\t\t\t\t\n\t\t\t\t\t\t\t<td colspan=\"\" rowspan=\"\" class=\"elementor-repeater-item-96593a5 wpr-table-td\">\n\n\t\t\t\t\t\t\t\t<div class=\"wpr-td-content-wrapper\">\n\n\t\t\t\t\t\t\t\t\t\t\t\t\t\t\t\t\t\t\t\t\t\t\t\t\t\t\t\t\t<span>\n\t\t\t\t\t\t\t\t\t \n\t\t\t\t\t\t\t\t\t\t\t<span class=\"wpr-table-text\">\n\t\t\t\t\t\t\t\t\t\t\t\t\u2705 Regular maintenance<\/br>\n\u274c Small repairs \t\t\t\t\t\t\t\t\t\t\t<\/span>\n\t\t\t\t\t\t\t\t\t\t\t\t\t\t\t\t\t\t\t\t<\/span>\n\t\t\t\t\t\t\t\t\t\t\t\t\t\t\t\t\t\t\t\t\t\t\t\t\t\t\t\t\n\t\t\t\t\t\t\t\t<\/div>\n\n\t\t\t\t\t\t\t<\/td>\n\t\t\t\t\t\t\t\t\t\t\t\t<\/tr>\n\t\t\t        \t\t\t\t\t<tr class=\"wpr-table-body-row wpr-table-row elementor-repeater-item-f5a9514 wpr-odd\">\n\t\t\t\t\t\t\t\t\t\t\t\t\t\n\t\t\t\t\t\t\t<td colspan=\"\" rowspan=\"\" class=\"elementor-repeater-item-2502402 wpr-table-td\">\n\n\t\t\t\t\t\t\t\t<div class=\"wpr-td-content-wrapper\">\n\n\t\t\t\t\t\t\t\t\t\t\t\t\t\t\t\t\t\t\t\t\t\t\t\t\t\t\t\t\t<span>\n\t\t\t\t\t\t\t\t\t \n\t\t\t\t\t\t\t\t\t\t\t<span class=\"wpr-table-text\">\n\t\t\t\t\t\t\t\t\t\t\t\tOptimization\nincome\t\t\t\t\t\t\t\t\t\t\t<\/span>\n\t\t\t\t\t\t\t\t\t\t\t\t\t\t\t\t\t\t\t\t<\/span>\n\t\t\t\t\t\t\t\t\t\t\t\t\t\t\t\t\t\t\t\t\t\t\t\t\t\t\t\t\n\t\t\t\t\t\t\t\t<\/div>\n\n\t\t\t\t\t\t\t<\/td>\n\t\t\t\t\t\t\t\t\t\t\t\t\t\t\t\n\t\t\t\t\t\t\t<td colspan=\"\" rowspan=\"\" class=\"elementor-repeater-item-c1c4742 wpr-table-td\">\n\n\t\t\t\t\t\t\t\t<div class=\"wpr-td-content-wrapper\">\n\n\t\t\t\t\t\t\t\t\t\t\t\t\t\t\t\t\t\t\t\t\t\t\t\t\t\t\t\t\t<span>\n\t\t\t\t\t\t\t\t\t \n\t\t\t\t\t\t\t\t\t\t\t<span class=\"wpr-table-text\">\n\t\t\t\t\t\t\t\t\t\t\t\t\u274c Not applicable: fixed income \ndetermined in advance.\t\t\t\t\t\t\t\t\t\t\t<\/span>\n\t\t\t\t\t\t\t\t\t\t\t\t\t\t\t\t\t\t\t\t<\/span>\n\t\t\t\t\t\t\t\t\t\t\t\t\t\t\t\t\t\t\t\t\t\t\t\t\t\t\t\t\n\t\t\t\t\t\t\t\t<\/div>\n\n\t\t\t\t\t\t\t<\/td>\n\t\t\t\t\t\t\t\t\t\t\t\t\t\t\t\n\t\t\t\t\t\t\t<td colspan=\"\" rowspan=\"\" class=\"elementor-repeater-item-40d3c34 wpr-table-td\">\n\n\t\t\t\t\t\t\t\t<div class=\"wpr-td-content-wrapper\">\n\n\t\t\t\t\t\t\t\t\t<span style=\"display: inline-block; vertical-align: middle;\"><i aria-hidden=\"true\" class=\"fab fa-stack-overflow\"><\/i><\/span>\t\t\t\t\t\t\t\t\t\t\t\t\t\t\t\t\t\t\t\t<span>\n\t\t\t\t\t\t\t\t\t \n\t\t\t\t\t\t\t\t\t\t\t<span class=\"wpr-table-text\">\n\t\t\t\t\t\t\t\t\t\t\t\tYes: prices adjusted according to trends \nmarket to maximize your gains.\t\t\t\t\t\t\t\t\t\t\t<\/span>\n\t\t\t\t\t\t\t\t\t\t\t\t\t\t\t\t\t\t\t\t<\/span>\n\t\t\t\t\t\t\t\t\t\t\t\t\t\t\t\t\t\t\t\t\t\t\t\t\t\t\t\t\n\t\t\t\t\t\t\t\t<\/div>\n\n\t\t\t\t\t\t\t<\/td>\n\t\t\t\t\t\t\t\t\t\t\t\t<\/tr>\n\t\t\t        \t\t\t\t\t<tr class=\"wpr-table-body-row wpr-table-row elementor-repeater-item-107a0a7 wpr-odd\">\n\t\t\t\t\t\t\t\t\t\t\t\t\t\n\t\t\t\t\t\t\t<td colspan=\"\" rowspan=\"\" class=\"elementor-repeater-item-5b0ca24 wpr-table-td\">\n\n\t\t\t\t\t\t\t\t<div class=\"wpr-td-content-wrapper\">\n\n\t\t\t\t\t\t\t\t\t\t\t\t\t\t\t\t\t\t\t\t\t\t\t\t\t\t\t\t\t<span>\n\t\t\t\t\t\t\t\t\t \n\t\t\t\t\t\t\t\t\t\t\t<span class=\"wpr-table-text\">\n\t\t\t\t\t\t\t\t\t\t\t\tInsurance included <\/br>Yes: your property is covered throughout the contract\t\t\t\t\t\t\t\t\t\t\t<\/span>\n\t\t\t\t\t\t\t\t\t\t\t\t\t\t\t\t\t\t\t\t<\/span>\n\t\t\t\t\t\t\t\t\t\t\t\t\t\t\t\t\t\t\t\t\t\t\t\t\t\t\t\t\n\t\t\t\t\t\t\t\t<\/div>\n\n\t\t\t\t\t\t\t<\/td>\n\t\t\t\t\t\t\t\t\t\t\t\t\t\t\t\n\t\t\t\t\t\t\t<td colspan=\"\" rowspan=\"\" class=\"elementor-repeater-item-466ab61 wpr-table-td\">\n\n\t\t\t\t\t\t\t\t<div class=\"wpr-td-content-wrapper\">\n\n\t\t\t\t\t\t\t\t\t\t\t\t\t\t\t\t\t\t\t\t\t\t\t\t\t\t\t\t\t<span>\n\t\t\t\t\t\t\t\t\t \n\t\t\t\t\t\t\t\t\t\t\t<span class=\"wpr-table-text\">\n\t\t\t\t\t\t\t\t\t\t\t\t  &nbsp;  &nbsp;          &nbsp; &nbsp;  &nbsp; &nbsp; &nbsp; &nbsp; &nbsp; &nbsp; &nbsp; &nbsp;<span>\n           &#9989;<\/span>\t\t\t\t\t\t\t\t\t\t\t<\/span>\n\t\t\t\t\t\t\t\t\t\t\t\t\t\t\t\t\t\t\t\t<\/span>\n\t\t\t\t\t\t\t\t\t\t\t\t\t\t\t\t\t\t\t\t\t\t\t\t\t\t\t\t\n\t\t\t\t\t\t\t\t<\/div>\n\n\t\t\t\t\t\t\t<\/td>\n\t\t\t\t\t\t\t\t\t\t\t\t\t\t\t\n\t\t\t\t\t\t\t<td colspan=\"\" rowspan=\"\" class=\"elementor-repeater-item-e5fea7f wpr-table-td\">\n\n\t\t\t\t\t\t\t\t<div class=\"wpr-td-content-wrapper\">\n\n\t\t\t\t\t\t\t\t\t\t\t\t\t\t\t\t\t\t\t\t\t\t\t\t\t\t\t\t\t<span>\n\t\t\t\t\t\t\t\t\t \n\t\t\t\t\t\t\t\t\t\t\t<span class=\"wpr-table-text\">\n\t\t\t\t\t\t\t\t\t\t\t\t  &nbsp;  &nbsp;          &nbsp; &nbsp;  &nbsp; &nbsp; &nbsp; &nbsp; &nbsp; &nbsp; &nbsp; &nbsp;<span>\n           &#9989;<\/span>\t\t\t\t\t\t\t\t\t\t\t<\/span>\n\t\t\t\t\t\t\t\t\t\t\t\t\t\t\t\t\t\t\t\t<\/span>\n\t\t\t\t\t\t\t\t\t\t\t\t\t\t\t\t\t\t\t\t\t\t\t\t\t\t\t\t\n\t\t\t\t\t\t\t\t<\/div>\n\n\t\t\t\t\t\t\t<\/td>\n\t\t\t\t\t\t\t\t\t\t\t\t<\/tr>\n\t\t\t        \t\t\t\t\t<tr class=\"wpr-table-body-row wpr-table-row elementor-repeater-item-a18bb3b wpr-odd\">\n\t\t\t\t\t\t\t\t\t\t\t\t\t\n\t\t\t\t\t\t\t<td colspan=\"\" rowspan=\"\" class=\"elementor-repeater-item-d4cd75d wpr-table-td\">\n\n\t\t\t\t\t\t\t\t<div class=\"wpr-td-content-wrapper\">\n\n\t\t\t\t\t\t\t\t\t\t\t\t\t\t\t\t\t\t\t\t\t\t\t\t\t\t\t\t\t<a href=\"https:\/\/royal-elementor-addons.com\/\" target=\"_blank\">\n\t\t\t\t\t\t\t\t\t \n\t\t\t\t\t\t\t\t\t\t\t<span class=\"wpr-table-text\">\n\t\t\t\t\t\t\t\t\t\t\t\tManagement \ngood\t\t\t\t\t\t\t\t\t\t\t<\/span>\n\t\t\t\t\t\t\t\t\t\t\t\t\t\t\t\t\t\t\t\t<\/a>\n\t\t\t\t\t\t\t\t\t\t\t\t\t\t\t\t\t\t\t\t\t\t\t\t\t\t\t\t\n\t\t\t\t\t\t\t\t<\/div>\n\n\t\t\t\t\t\t\t<\/td>\n\t\t\t\t\t\t\t\t\t\t\t\t\t\t\t\n\t\t\t\t\t\t\t<td colspan=\"\" rowspan=\"\" class=\"elementor-repeater-item-dcd5df5 wpr-table-td\">\n\n\t\t\t\t\t\t\t\t<div class=\"wpr-td-content-wrapper\">\n\n\t\t\t\t\t\t\t\t\t\t\t\t\t\t\t\t\t\t\t\t\t\t\t\t\t\t\t\t\t<span>\n\t\t\t\t\t\t\t\t\t \n\t\t\t\t\t\t\t\t\t\t\t<span class=\"wpr-table-text\">\n\t\t\t\t\t\t\t\t\t\t\t\t\u2705 Professional cleaning<\/br>\n\u2705 Bedding &amp; linens\n<\/br>\n\u2705 Interior decoration &amp; accessories\t\t\t\t\t\t\t\t\t\t\t<\/span>\n\t\t\t\t\t\t\t\t\t\t\t\t\t\t\t\t\t\t\t\t<\/span>\n\t\t\t\t\t\t\t\t\t\t\t\t\t\t\t\t\t\t\t\t\t\t\t\t\t\t\t\t\n\t\t\t\t\t\t\t\t<\/div>\n\n\t\t\t\t\t\t\t<\/td>\n\t\t\t\t\t\t\t\t\t\t\t\t\t\t\t\n\t\t\t\t\t\t\t<td colspan=\"\" rowspan=\"\" class=\"elementor-repeater-item-528e54b wpr-table-td\">\n\n\t\t\t\t\t\t\t\t<div class=\"wpr-td-content-wrapper\">\n\n\t\t\t\t\t\t\t\t\t\t\t\t\t\t\t\t\t\t\t\t\t\t\t\t\t\t\t\t\t<span>\n\t\t\t\t\t\t\t\t\t \n\t\t\t\t\t\t\t\t\t\t\t<span class=\"wpr-table-text\">\n\t\t\t\t\t\t\t\t\t\t\t\t\u2705 Professional cleaning<\/br>\n\u2705 Bedding &amp; linens\n<\/br>\n\u274c Interior decoration &amp; accessories \t\t\t\t\t\t\t\t\t\t\t<\/span>\n\t\t\t\t\t\t\t\t\t\t\t\t\t\t\t\t\t\t\t\t<\/span>\n\t\t\t\t\t\t\t\t\t\t\t\t\t\t\t\t\t\t\t\t\t\t\t\t\t\t\t\t\n\t\t\t\t\t\t\t\t<\/div>\n\n\t\t\t\t\t\t\t<\/td>\n\t\t\t\t\t\t\t\t\t\t\t\t<\/tr>\n\t\t\t        \t\t\t\t\t<tr class=\"wpr-table-body-row wpr-table-row elementor-repeater-item-d188f42 wpr-odd\">\n\t\t\t\t\t\t\t\t\t\t\t\t\t\n\t\t\t\t\t\t\t<td colspan=\"\" rowspan=\"\" class=\"elementor-repeater-item-cdffed1 wpr-table-td\">\n\n\t\t\t\t\t\t\t\t<div class=\"wpr-td-content-wrapper\">\n\n\t\t\t\t\t\t\t\t\t\t\t\t\t\t\t\t\t\t\t\t\t\t\t\t\t\t\t\t\t<span>\n\t\t\t\t\t\t\t\t\t \n\t\t\t\t\t\t\t\t\t\t\t<span class=\"wpr-table-text\">\n\t\t\t\t\t\t\t\t\t\t\t\tRisk \nfinancial\t\t\t\t\t\t\t\t\t\t\t<\/span>\n\t\t\t\t\t\t\t\t\t\t\t\t\t\t\t\t\t\t\t\t<\/span>\n\t\t\t\t\t\t\t\t\t\t\t\t\t\t\t\t\t\t\t\t\t\t\t\t\t\t\t\t\n\t\t\t\t\t\t\t\t<\/div>\n\n\t\t\t\t\t\t\t<\/td>\n\t\t\t\t\t\t\t\t\t\t\t\t\t\t\t\n\t\t\t\t\t\t\t<td colspan=\"\" rowspan=\"\" class=\"elementor-repeater-item-8caf1f2 wpr-table-td\">\n\n\t\t\t\t\t\t\t\t<div class=\"wpr-td-content-wrapper\">\n\n\t\t\t\t\t\t\t\t\t\t\t\t\t\t\t\t\t\t\t\t\t\t\t\t\t\t\t\t\t<span>\n\t\t\t\t\t\t\t\t\t \n\t\t\t\t\t\t\t\t\t\t\t<span class=\"wpr-table-text\">\n\t\t\t\t\t\t\t\t\t\t\t\t\ud83d\udeab No risk: the rent is guaranteed, \nno matter the occupation.\t\t\t\t\t\t\t\t\t\t\t<\/span>\n\t\t\t\t\t\t\t\t\t\t\t\t\t\t\t\t\t\t\t\t<\/span>\n\t\t\t\t\t\t\t\t\t\t\t\t\t\t\t\t\t\t\t\t\t\t\t\t\t\t\t\t\n\t\t\t\t\t\t\t\t<\/div>\n\n\t\t\t\t\t\t\t<\/td>\n\t\t\t\t\t\t\t\t\t\t\t\t\t\t\t\n\t\t\t\t\t\t\t<td colspan=\"\" rowspan=\"\" class=\"elementor-repeater-item-5b27043 wpr-table-td\">\n\n\t\t\t\t\t\t\t\t<div class=\"wpr-td-content-wrapper\">\n\n\t\t\t\t\t\t\t\t\t<span style=\"display: inline-block; vertical-align: middle;\"><i aria-hidden=\"true\" class=\"fas fa-battery-quarter\"><\/i><\/span>\t\t\t\t\t\t\t\t\t\t\t\t\t\t\t\t\t\t\t\t<span>\n\t\t\t\t\t\t\t\t\t \n\t\t\t\t\t\t\t\t\t\t\t<span class=\"wpr-table-text\">\n\t\t\t\t\t\t\t\t\t\t\t\tLow: you only pay when we\n we generate income for you.\t\t\t\t\t\t\t\t\t\t\t<\/span>\n\t\t\t\t\t\t\t\t\t\t\t\t\t\t\t\t\t\t\t\t<\/span>\n\t\t\t\t\t\t\t\t\t\t\t\t\t\t\t\t\t\t\t\t\t\t\t\t\t\t\t\t\n\t\t\t\t\t\t\t\t<\/div>\n\n\t\t\t\t\t\t\t<\/td>\n\t\t\t\t\t\t\t\t\t\t\t\t<\/tr>\n\t\t\t        \t\t\t\t\t<tr class=\"wpr-table-body-row wpr-table-row elementor-repeater-item-826319f wpr-odd\">\n\t\t\t\t\t\t\t\t\t\t\t\t\t\n\t\t\t\t\t\t\t<td colspan=\"\" rowspan=\"\" class=\"elementor-repeater-item-db49e26 wpr-table-td\">\n\n\t\t\t\t\t\t\t\t<div class=\"wpr-td-content-wrapper\">\n\n\t\t\t\t\t\t\t\t\t\t\t\t\t\t\t\t\t\t\t\t\t\t\t\t\t\t\t\t\t<span>\n\t\t\t\t\t\t\t\t\t \n\t\t\t\t\t\t\t\t\t\t\t<span class=\"wpr-table-text\">\n\t\t\t\t\t\t\t\t\t\t\t\tFlexibility\t\t\t\t\t\t\t\t\t\t\t<\/span>\n\t\t\t\t\t\t\t\t\t\t\t\t\t\t\t\t\t\t\t\t<\/span>\n\t\t\t\t\t\t\t\t\t\t\t\t\t\t\t\t\t\t\t\t\t\t\t\t\t\t\t\t\n\t\t\t\t\t\t\t\t<\/div>\n\n\t\t\t\t\t\t\t<\/td>\n\t\t\t\t\t\t\t\t\t\t\t\t\t\t\t\n\t\t\t\t\t\t\t<td colspan=\"\" rowspan=\"\" class=\"elementor-repeater-item-fb6cd94 wpr-table-td\">\n\n\t\t\t\t\t\t\t\t<div class=\"wpr-td-content-wrapper\">\n\n\t\t\t\t\t\t\t\t\t<span style=\"display: inline-block; vertical-align: middle;\"><i aria-hidden=\"true\" class=\"fas fa-user-clock\"><\/i><\/span>\t\t\t\t\t\t\t\t\t\t\t\t\t\t\t\t\t\t\t\t<span>\n\t\t\t\t\t\t\t\t\t \n\t\t\t\t\t\t\t\t\t\t\t<span class=\"wpr-table-text\">\n\t\t\t\t\t\t\t\t\t\t\t\tMinimum commitment of 6 months\t\t\t\t\t\t\t\t\t\t\t<\/span>\n\t\t\t\t\t\t\t\t\t\t\t\t\t\t\t\t\t\t\t\t<\/span>\n\t\t\t\t\t\t\t\t\t\t\t\t\t\t\t\t\t\t\t\t\t\t\t\t\t\t\t\t\n\t\t\t\t\t\t\t\t<\/div>\n\n\t\t\t\t\t\t\t<\/td>\n\t\t\t\t\t\t\t\t\t\t\t\t\t\t\t\n\t\t\t\t\t\t\t<td colspan=\"\" rowspan=\"\" class=\"elementor-repeater-item-889e946 wpr-table-td\">\n\n\t\t\t\t\t\t\t\t<div class=\"wpr-td-content-wrapper\">\n\n\t\t\t\t\t\t\t\t\t<span style=\"display: inline-block; vertical-align: middle;\"><i aria-hidden=\"true\" class=\"fas fa-user-clock\"><\/i><\/span>\t\t\t\t\t\t\t\t\t\t\t\t\t\t\t\t\t\t\t\t<span>\n\t\t\t\t\t\t\t\t\t \n\t\t\t\t\t\t\t\t\t\t\t<span class=\"wpr-table-text\">\n\t\t\t\t\t\t\t\t\t\t\t\tMinimum commitment of 3 months\t\t\t\t\t\t\t\t\t\t\t<\/span>\n\t\t\t\t\t\t\t\t\t\t\t\t\t\t\t\t\t\t\t\t<\/span>\n\t\t\t\t\t\t\t\t\t\t\t\t\t\t\t\t\t\t\t\t\t\t\t\t\t\t\t\t\n\t\t\t\t\t\t\t\t<\/div>\n\n\t\t\t\t\t\t\t<\/td>\n\t\t\t\t\t\t\t\t\t\t\t\t<\/tr>\n\t\t\t        \t\t\t\t\t<tr class=\"wpr-table-body-row wpr-table-row elementor-repeater-item-eb17834 wpr-odd\">\n\t\t\t\t\t\t\t\t\t\t\t\t\t\n\t\t\t\t\t\t\t<td colspan=\"\" rowspan=\"\" class=\"elementor-repeater-item-1d46853 wpr-table-td\">\n\n\t\t\t\t\t\t\t\t<div class=\"wpr-td-content-wrapper\">\n\n\t\t\t\t\t\t\t\t\t\t\t\t\t\t\t\t\t\t\t\t\t\t\t\t\t\t\t\t\t<span>\n\t\t\t\t\t\t\t\t\t \n\t\t\t\t\t\t\t\t\t\t\t<span class=\"wpr-table-text\">\n\t\t\t\t\t\t\t\t\t\t\t\tKey advantage\t\t\t\t\t\t\t\t\t\t\t<\/span>\n\t\t\t\t\t\t\t\t\t\t\t\t\t\t\t\t\t\t\t\t<\/span>\n\t\t\t\t\t\t\t\t\t\t\t\t\t\t\t\t\t\t\t\t\t\t\t\t\t\t\t\t\n\t\t\t\t\t\t\t\t<\/div>\n\n\t\t\t\t\t\t\t<\/td>\n\t\t\t\t\t\t\t\t\t\t\t\t\t\t\t\n\t\t\t\t\t\t\t<td colspan=\"\" rowspan=\"\" class=\"elementor-repeater-item-5385134 wpr-table-td\">\n\n\t\t\t\t\t\t\t\t<div class=\"wpr-td-content-wrapper\">\n\n\t\t\t\t\t\t\t\t\t<span style=\"display: inline-block; vertical-align: middle;\"><i aria-hidden=\"true\" class=\"fab fa-forumbee\"><\/i><\/span>\t\t\t\t\t\t\t\t\t\t\t\t\t\t\t\t\t\t\t\t<span>\n\t\t\t\t\t\t\t\t\t \n\t\t\t\t\t\t\t\t\t\t\t<span class=\"wpr-table-text\">\n\t\t\t\t\t\t\t\t\t\t\t\tOwners looking for a \nregular and secure income.\t\t\t\t\t\t\t\t\t\t\t<\/span>\n\t\t\t\t\t\t\t\t\t\t\t\t\t\t\t\t\t\t\t\t<\/span>\n\t\t\t\t\t\t\t\t\t\t\t\t\t\t\t\t\t\t\t\t\t\t\t\t\t\t\t\t\n\t\t\t\t\t\t\t\t<\/div>\n\n\t\t\t\t\t\t\t<\/td>\n\t\t\t\t\t\t\t\t\t\t\t\t\t\t\t\n\t\t\t\t\t\t\t<td colspan=\"\" rowspan=\"\" class=\"elementor-repeater-item-bd2fabe wpr-table-td\">\n\n\t\t\t\t\t\t\t\t<div class=\"wpr-td-content-wrapper\">\n\n\t\t\t\t\t\t\t\t\t<span style=\"display: inline-block; vertical-align: middle;\"><i aria-hidden=\"true\" class=\"fab fa-forumbee\"><\/i><\/span>\t\t\t\t\t\t\t\t\t\t\t\t\t\t\t\t\t\t\t\t<span>\n\t\t\t\t\t\t\t\t\t \n\t\t\t\t\t\t\t\t\t\t\t<span class=\"wpr-table-text\">\n\t\t\t\t\t\t\t\t\t\t\t\tOwners wishing to maximize their\nincome with a dynamic model.\t\t\t\t\t\t\t\t\t\t\t<\/span>\n\t\t\t\t\t\t\t\t\t\t\t\t\t\t\t\t\t\t\t\t<\/span>\n\t\t\t\t\t\t\t\t\t\t\t\t\t\t\t\t\t\t\t\t\t\t\t\t\t\t\t\t\n\t\t\t\t\t\t\t\t<\/div>\n\n\t\t\t\t\t\t\t<\/td>\n\t\t\t\t\t\t\t\t\t\t\t\t<\/tr>\n\t\t\t        \t\t\t\t\t<tr class=\"wpr-table-body-row wpr-table-row elementor-repeater-item-8c87df3 wpr-odd\">\n\t\t\t\t\t\t\t\t\t\t\t\t\t\n\t\t\t\t\t\t\t<td colspan=\"\" rowspan=\"\" class=\"elementor-repeater-item-5cf023b wpr-table-td\">\n\n\t\t\t\t\t\t\t\t<div class=\"wpr-td-content-wrapper\">\n\n\t\t\t\t\t\t\t\t\t\t\t\t\t\t\t\t\t\t\t\t\t\t\t\t\t\t\t\t\t<span>\n\t\t\t\t\t\t\t\t\t \n\t\t\t\t\t\t\t\t\t\t\t<span class=\"wpr-table-text\">\n\t\t\t\t\t\t\t\t\t\t\t\tCommission\t\t\t\t\t\t\t\t\t\t\t<\/span>\n\t\t\t\t\t\t\t\t\t\t\t\t\t\t\t\t\t\t\t\t<\/span>\n\t\t\t\t\t\t\t\t\t\t\t\t\t\t\t\t\t\t\t\t\t\t\t\t\t\t\t\t\n\t\t\t\t\t\t\t\t<\/div>\n\n\t\t\t\t\t\t\t<\/td>\n\t\t\t\t\t\t\t\t\t\t\t\t\t\t\t\n\t\t\t\t\t\t\t<td colspan=\"\" rowspan=\"\" class=\"elementor-repeater-item-b4eab9c wpr-table-td\">\n\n\t\t\t\t\t\t\t\t<div class=\"wpr-td-content-wrapper\">\n\n\t\t\t\t\t\t\t\t\t\t\t\t\t\t\t\t\t\t\t\t\t\t\t\t\t\t\t\t\t<span>\n\t\t\t\t\t\t\t\t\t \n\t\t\t\t\t\t\t\t\t\t\t<span class=\"wpr-table-text\">\n\t\t\t\t\t\t\t\t\t\t\t\t\ud83d\udeab None: everything is included in\nfixed rent.\t\t\t\t\t\t\t\t\t\t\t<\/span>\n\t\t\t\t\t\t\t\t\t\t\t\t\t\t\t\t\t\t\t\t<\/span>\n\t\t\t\t\t\t\t\t\t\t\t\t\t\t\t\t\t\t\t\t\t\t\t\t\t\t\t\t\n\t\t\t\t\t\t\t\t<\/div>\n\n\t\t\t\t\t\t\t<\/td>\n\t\t\t\t\t\t\t\t\t\t\t\t\t\t\t\n\t\t\t\t\t\t\t<td colspan=\"\" rowspan=\"\" class=\"elementor-repeater-item-f83940d wpr-table-td\">\n\n\t\t\t\t\t\t\t\t<div class=\"wpr-td-content-wrapper\">\n\n\t\t\t\t\t\t\t\t\t\t\t\t\t\t\t\t\t\t\t\t\t\t\t\t\t\t\t\t\t<span>\n\t\t\t\t\t\t\t\t\t \n\t\t\t\t\t\t\t\t\t\t\t<span class=\"wpr-table-text\">\n\t\t\t\t\t\t\t\t\t\t\t\t\ud83d\udcb0 30% on revenue generated, after\noptimization\t\t\t\t\t\t\t\t\t\t\t<\/span>\n\t\t\t\t\t\t\t\t\t\t\t\t\t\t\t\t\t\t\t\t<\/span>\n\t\t\t\t\t\t\t\t\t\t\t\t\t\t\t\t\t\t\t\t\t\t\t\t\t\t\t\t\n\t\t\t\t\t\t\t\t<\/div>\n\n\t\t\t\t\t\t\t<\/td>\n\t\t\t\t\t\t\t\t\t\t\t\t<\/tr>\n\t\t\t        \t\t\t\t<\/tbody>\n\t\t\t<\/table>\n\t\t<\/div>\n\t\t<\/div>\n    \t\t\t\t\t<\/div>\n\t\t\t\t<\/div>\n\t\t\t\t\t<\/div>\n\t\t<\/div>\n\t\t\t\t<div class=\"elementor-column elementor-col-50 elementor-top-column elementor-element elementor-element-2de6c75\" data-id=\"2de6c75\" data-element_type=\"column\">\n\t\t\t<div class=\"elementor-widget-wrap elementor-element-populated\">\n\t\t\t\t\t\t<div class=\"elementor-element elementor-element-eaea698 elementor-align-center elementor-widget elementor-widget-button\" data-id=\"eaea698\" data-element_type=\"widget\" data-widget_type=\"button.default\">\n\t\t\t\t<div class=\"elementor-widget-container\">\n\t\t\t\t\t\t\t\t\t<div class=\"elementor-button-wrapper\">\n\t\t\t\t\t<a class=\"elementor-button elementor-button-link elementor-size-sm\" href=\"https:\/\/www.air-bey.com\/en\/\">\n\t\t\t\t\t\t<span class=\"elementor-button-content-wrapper\">\n\t\t\t\t\t\t\t\t\t<span class=\"elementor-button-text\">x<\/span>\n\t\t\t\t\t<\/span>\n\t\t\t\t\t<\/a>\n\t\t\t\t<\/div>\n\t\t\t\t\t\t\t\t<\/div>\n\t\t\t\t<\/div>\n\t\t\t\t\t<\/div>\n\t\t<\/div>\n\t\t\t\t\t<\/div>\n\t\t<\/section>\n\t\t\t\t<\/div>","protected":false},"excerpt":{"rendered":"<p>Caract\u00e9ristiques Loyer Fixe Partage des Revenus (30%) Revenu mensuel &#9989; Stable et pr\u00e9visible : montant fix\u00e9 \u00e0 l\u2019avance chaque mois, sans surprise Variable, mais optimis\u00e9 : bas\u00e9 sur vos revenus locatifs r\u00e9els maximis\u00e9s. Gestion des r\u00e9servations \/locataires &#9989; Inclus : Gestion des r\u00e9servations, v\u00e9rification et s\u00e9lection rigoureuses pour garantir des locataires fiables &#9989; Inclus Maintenance et entretien &#9989; Entretien r\u00e9guliers &#9989; Petites r\u00e9parations &#9989; Entretien r\u00e9guliers &#10060; Petites r\u00e9parations Optimisation des revenus &#10060; Non applicable : revenu fixe d\u00e9termin\u00e9 \u00e0 l&rsquo;avance. Oui : tarifs ajust\u00e9s selon les tendances du march\u00e9 pour maximiser vos gains. Assurance incluse Oui : votre bien est couvert tout au long du contrat &nbsp; &nbsp; &nbsp; &nbsp; &nbsp; &nbsp; &nbsp; &nbsp; &nbsp; &nbsp; &nbsp; &nbsp; &#9989; &nbsp; &nbsp; &nbsp; &nbsp; &nbsp; &nbsp; &nbsp; &nbsp; &nbsp; &nbsp; &nbsp; &nbsp; &#9989; Gestion du bien &#9989; Nettoyage professionnel &#9989; Literie &amp; linges &#9989; D\u00e9co &amp; accessoires int\u00e9rieurs &#9989; Nettoyage professionnel &#9989; Literie &amp; linges &#10060; D\u00e9co &amp; accessoires int\u00e9rieurs Risque financier &#128683; Aucun risque : le loyer est garanti, peu importe l\u2019occupation. Faible : vous ne payez que lorsque nous g\u00e9n\u00e9rons des revenus pour vous. Flexibilit\u00e9 Engagement minimum de 6 mois Engagement minimum de 3 mois. Avantage cl\u00e9 Propri\u00e9taires cherchant un revenu r\u00e9gulier et s\u00e9curis\u00e9. Propri\u00e9taires souhaitant maximiser leurs revenus avec un mod\u00e8le dynamique. Commission &#128683; Aucune : tout est inclus dans le loyer fixe. &#128176; 30 % sur les revenus g\u00e9n\u00e9r\u00e9s, apr\u00e8s optimisation x<\/p>","protected":false},"author":1,"featured_media":0,"parent":0,"menu_order":0,"comment_status":"closed","ping_status":"closed","template":"elementor_header_footer","meta":{"footnotes":""},"class_list":["post-16180","page","type-page","status-publish","hentry"],"_links":{"self":[{"href":"https:\/\/www.air-bey.com\/en\/wp-json\/wp\/v2\/pages\/16180","targetHints":{"allow":["GET"]}}],"collection":[{"href":"https:\/\/www.air-bey.com\/en\/wp-json\/wp\/v2\/pages"}],"about":[{"href":"https:\/\/www.air-bey.com\/en\/wp-json\/wp\/v2\/types\/page"}],"author":[{"embeddable":true,"href":"https:\/\/www.air-bey.com\/en\/wp-json\/wp\/v2\/users\/1"}],"replies":[{"embeddable":true,"href":"https:\/\/www.air-bey.com\/en\/wp-json\/wp\/v2\/comments?post=16180"}],"version-history":[{"count":24,"href":"https:\/\/www.air-bey.com\/en\/wp-json\/wp\/v2\/pages\/16180\/revisions"}],"predecessor-version":[{"id":18972,"href":"https:\/\/www.air-bey.com\/en\/wp-json\/wp\/v2\/pages\/16180\/revisions\/18972"}],"wp:attachment":[{"href":"https:\/\/www.air-bey.com\/en\/wp-json\/wp\/v2\/media?parent=16180"}],"curies":[{"name":"wp","href":"https:\/\/api.w.org\/{rel}","templated":true}]}}